{"id":103,"date":"2024-03-04T12:37:38","date_gmt":"2024-03-04T11:37:38","guid":{"rendered":"https:\/\/kadraszczyglowice.pl\/?page_id=103"},"modified":"2024-03-04T12:37:39","modified_gmt":"2024-03-04T11:37:39","slug":"chorwacja-biograd-na-moru","status":"publish","type":"page","link":"https:\/\/kadraszczyglowice.pl\/?page_id=103","title":{"rendered":"Chorwacja &#8211; Biograd na Moru"},"content":{"rendered":"\n<p><strong><em>ZZ KADRA JSW S.A. &nbsp;Kopalni Knur\u00f3w-Szczyg\u0142owice<\/em><\/strong><strong><em> &nbsp;&nbsp;&nbsp;<\/em><\/strong><strong><em>zaprasza&nbsp; na wczasy w&nbsp;<\/em><\/strong><strong>CHORWACJI&nbsp;&nbsp;&nbsp; <\/strong><strong><em>21-29.06.2024<\/em><\/strong><strong><u><\/u><\/strong><\/p>\n\n\n\n<p><strong><em>\u015ar\u00f3dziemnomorska wioska*** San Antonio, Biograd na Moru<\/em><\/strong><em> w\u00a0otoczeniu lasu sosnowego, zakwaterowanie w komfortowych domkach 2-5os. wyposa\u017conych w\u00a0\u0142azienki, wi-fi, TV, klimatyzacja, suszarka, taras ze stref\u0105 relaksacyjn\u0105. Na terenie restauracja, kawiarnia, basen z le\u017cakami i plac zabaw. Kilka minut do zagospodarowanych pla\u017c z gastronomi\u0105, placami zabaw, sprz\u0119tem wodnym i Aquaparkiem: Dra\u017eica i Soline \u2013 \u017cwirkowe i \u017cwirkowo-piaszczyste pla\u017ce z naturalnym cieniem (las sosnowy), \u0142agodne zej\u015bcie do morza.<\/em><\/p>\n\n\n\n<figure class=\"wp-block-image size-large\"><img loading=\"lazy\" decoding=\"async\" width=\"1024\" height=\"504\" src=\"https:\/\/kadraszczyglowice.pl\/wp-content\/uploads\/2024\/03\/image-1024x504.png\" alt=\"\" class=\"wp-image-104\" srcset=\"https:\/\/kadraszczyglowice.pl\/wp-content\/uploads\/2024\/03\/image-1024x504.png 1024w, https:\/\/kadraszczyglowice.pl\/wp-content\/uploads\/2024\/03\/image-300x148.png 300w, https:\/\/kadraszczyglowice.pl\/wp-content\/uploads\/2024\/03\/image-768x378.png 768w, https:\/\/kadraszczyglowice.pl\/wp-content\/uploads\/2024\/03\/image.png 1120w\" sizes=\"auto, (max-width: 1024px) 100vw, 1024px\" \/><\/figure>\n\n\n\n<ol class=\"wp-block-list\">\n<li><strong><em><\/em><\/strong><strong><em>Dzie\u0144<\/em><\/strong><em>&nbsp; wyjazd wieczorem z terenu woj. \u015bl\u0105skiego, przejazd przez S\u0142owacj\u0119, W\u0119gry, do po\u0142udnia 2-go dnia przyjazd do resortu SAN ANTONIO \u2013 Biograd na Moru, zakwaterowanie, obiadokolacja i nocleg.<\/em> <strong><em><\/em><\/strong><\/li>\n<\/ol>\n\n\n\n<p><strong><em>2-8 Dzie\u0144:<\/em><\/strong><\/p>\n\n\n\n<p><em>\u015bniadanie, nast\u0119pnie pla\u017cowanie &#8211; czas wolny na odpoczynek, k\u0105piele s\u0142oneczne i morskie, korzystanie z atrakcji nadmorskiej miejscowo\u015bci. Wy\u017cywienie HB, \u015bniadania i obiadokolacje w&nbsp;formie bufetu.<\/em><\/p>\n\n\n\n<p><strong><em>WYCIECZKI <\/em><\/strong><em>fakultatywne dodatkowo p\u0142atne, 3 propozycje z wielu:<\/em><\/p>\n\n\n\n<ol class=\"wp-block-list\" style=\"list-style-type:lower-alpha\">\n<li><em><\/em><em>ca\u0142odniowy <\/em><strong><em>REJS PO ARCHIPELAGU KORNATI <\/em><\/strong><em>&#8211; przepi\u0119kna, jednodniowa wycieczka wypoczynkowa po Parku Narodowym Kornati (ponad 140 wysp). Odwiedzaj\u0105cy nazywaj\u0105 Park Kornati &#8222;rajem Robinsona&#8221; gdy\u017c wi\u0119kszo\u015b\u0107 z ok. 140 wysp jest niezamieszka\u0142a. Woda jest tu tak czysta, \u017ce \u015bwiat podwodny mo\u017cna podziwia\u0107 cho\u0107by z&nbsp; \u0142odzi. A jest&nbsp; to bardzo bogaty i pi\u0119kny \u015bwiat, skupiaj\u0105cy kilkaset gatunk\u00f3w i podgatunk\u00f3w ro\u015blin morskich oraz prawie trzysta gatunk\u00f3w morskich zwierz\u0105t. Czasem mo\u017cna tu spotka\u0107 nawet delfiny, cena rejsu z biletem wej\u015bcia do Parku i obiadem ok. 50 EUR\/os.<\/em><em><\/em><\/li>\n\n\n\n<li><em><\/em><strong><em>ZADAR<\/em><\/strong><strong><em> <\/em><\/strong><em>wycieczka autokarowa z przewodnikiem, w programie m.in. ko\u015bci\u00f3\u0142 \u015bw. Donata, jedna z najpi\u0119kniejszych \u015bwi\u0105ty\u0144 w Dalmacji \u2013 katedra \u015bw. Anastazji, stare rzymskie Forum, bramy miejskie, organy morskie \u2013 wielokrotnie nagradzane arcydzie\u0142o architektoniczne na nabrze\u017cu Adriatyku. <\/em><em><\/em><\/li>\n\n\n\n<li><em><\/em><strong><em>PARK NARODOWY KRKA <\/em><\/strong><em>+ <\/em><strong><em>SZYBENIK<\/em><\/strong><strong><em> \u2013 <\/em><\/strong><em>Park Narodowy<\/em><strong><em> <\/em><\/strong><em>zwany<\/em><strong><em> <\/em><\/strong><strong><em>Rajem na ziemi<\/em><\/strong><em> tworz\u0105 liczne wodospady, kaskady i jeziora, spacer po parku, cena ok. 25 EUR\/os (wej\u015bcie do Parku z&nbsp;rejsem statkiem w g\u00f3r\u0119 rzeki Krka i przewodnik Szybenik) + koszty autokaru, 2000z\u0142\/grupa<\/em><em><\/em><\/li>\n<\/ol>\n\n\n\n<p><strong><em>9 Dzie\u0144:<\/em><\/strong><\/p>\n\n\n\n<p><em>\u015bniadanie, droga powrotna do kraju<\/em><em><\/em><\/p>\n\n\n\n<p><strong><em>Ceny i terminy:<\/em><\/strong><\/p>\n\n\n\n<p><strong><em>21-29.06.2024, 7 nocleg\u00f3w HB <\/em><\/strong><em>(\u015bn. i obiadokolacje <strong>w formie bufetu)&nbsp;&nbsp;&nbsp;&nbsp;&nbsp;&nbsp;<\/strong><\/em><\/p>\n\n\n\n<p><strong><em>&nbsp;&nbsp;&nbsp;&nbsp;&nbsp;&nbsp;&nbsp;&nbsp;&nbsp;&nbsp;&nbsp;&nbsp;&nbsp;&nbsp;&nbsp; 2 280 z\u0142\/os. <\/em><\/strong><em>(pe\u0142na odp\u0142atno\u015b\u0107 2 800,00)<\/em><strong><em><\/em><\/strong><\/p>\n\n\n\n<p><strong><em>&nbsp;&nbsp;&nbsp;&nbsp;&nbsp;&nbsp;&nbsp;&nbsp;&nbsp;&nbsp;&nbsp;&nbsp;&nbsp;&nbsp; 1 680 z\u0142\/os. dzieci 4-11,99 lat<\/em><\/strong><em> (pe\u0142na odp\u0142atno\u015b\u0107 2 200,00)<\/em><strong><em><\/em><\/strong><\/p>\n\n\n\n<p><strong><em>Cena <\/em><\/strong><strong><em>zawiera:<\/em><\/strong><strong><em><\/em><\/strong><\/p>\n\n\n\n<ul class=\"wp-block-list\">\n<li><strong><em>autokar komfort, <\/em><\/strong><strong><em><\/em><\/strong><\/li>\n\n\n\n<li><strong><em>7 x nocleg w komfortowych domkach 2-5os. wioska \u015br\u00f3dziemnomorska San Antonio***, <\/em><\/strong><strong><em><\/em><\/strong><\/li>\n\n\n\n<li><strong><em>7 x \u015bniadania i obiadokolacje bufet,<\/em><\/strong><strong><em><\/em><\/strong><\/li>\n\n\n\n<li><strong><em>korzystanie z atrakcji o\u015brodka (basen, plac zabaw, inne),<\/em><\/strong><strong><em><\/em><\/strong><\/li>\n\n\n\n<li><strong><em>opieka rezydenta na miejscu,<\/em><\/strong><strong><em><\/em><\/strong><\/li>\n\n\n\n<li><strong><em>parkingi i taxa klimatyczna,<\/em><\/strong><strong><em><\/em><\/strong><\/li>\n\n\n\n<li><strong><em>ubezpieczenie podstawowe KL i NNW.<\/em><\/strong><strong><em><\/em><\/strong><\/li>\n<\/ul>\n\n\n\n<p><em>Cena nie zawiera bilet\u00f3w wst\u0119pu do zwiedzanych obiekt\u00f3w i atrakcji (podane w ofercie ceny s\u0105 orientacyjne) oraz op\u0142aty na TFG i TFP, 20z\u0142\/os.&nbsp; Obiadokolacje w formie bufetu nie zawieraj\u0105 napoj\u00f3w.<\/em><\/p>\n\n\n\n<p><strong><em>Zapisy przyjmowane. <\/em><\/strong><strong>w biurze ZZ \u201eKADRA\u201d, telefonicznie pod nr 3347 lub 668 42 19 65 do wyczerpania miejsc. <\/strong><strong><em><\/em><\/strong><\/p>\n\n\n\n<p><strong><em>Do 25 stycznia 2024. zaliczka 300 z\u0142<\/em><\/strong><strong>\/od osoby.<\/strong><\/p>\n\n\n\n<p><strong>Terminy pozosta\u0142ych wp\u0142at b\u0119dzie podany w czasie p\u00f3\u017aniejszym.<\/strong><\/p>\n\n\n\n<p><strong>Nr konta do wp\u0142aty zaliczki <\/strong><strong>:<\/strong><strong> 46 1240 4302 1111 0011 0185 1285<\/strong><\/p>\n","protected":false},"excerpt":{"rendered":"<p>ZZ KADRA JSW S.A. &nbsp;Kopalni Knur\u00f3w-Szczyg\u0142owice &nbsp;&nbsp;&nbsp;zaprasza&nbsp; na wczasy w&nbsp;CHORWACJI&nbsp;&nbsp;&nbsp; 21-29.06.2024 \u015ar\u00f3dziemnomorska wioska*** San Antonio, Biograd na Moru w\u00a0otoczeniu lasu sosnowego, zakwaterowanie w komfortowych domkach 2-5os. wyposa\u017conych w\u00a0\u0142azienki, wi-fi, TV, klimatyzacja, suszarka, taras ze stref\u0105 relaksacyjn\u0105. Na terenie restauracja, kawiarnia, basen z le\u017cakami i plac zabaw. Kilka minut do zagospodarowanych [&hellip;]<\/p>\n","protected":false},"author":1,"featured_media":0,"parent":0,"menu_order":0,"comment_status":"closed","ping_status":"closed","template":"","meta":{"footnotes":""},"class_list":["post-103","page","type-page","status-publish","hentry"],"_links":{"self":[{"href":"https:\/\/kadraszczyglowice.pl\/index.php?rest_route=\/wp\/v2\/pages\/103","targetHints":{"allow":["GET"]}}],"collection":[{"href":"https:\/\/kadraszczyglowice.pl\/index.php?rest_route=\/wp\/v2\/pages"}],"about":[{"href":"https:\/\/kadraszczyglowice.pl\/index.php?rest_route=\/wp\/v2\/types\/page"}],"author":[{"embeddable":true,"href":"https:\/\/kadraszczyglowice.pl\/index.php?rest_route=\/wp\/v2\/users\/1"}],"replies":[{"embeddable":true,"href":"https:\/\/kadraszczyglowice.pl\/index.php?rest_route=%2Fwp%2Fv2%2Fcomments&post=103"}],"version-history":[{"count":1,"href":"https:\/\/kadraszczyglowice.pl\/index.php?rest_route=\/wp\/v2\/pages\/103\/revisions"}],"predecessor-version":[{"id":105,"href":"https:\/\/kadraszczyglowice.pl\/index.php?rest_route=\/wp\/v2\/pages\/103\/revisions\/105"}],"wp:attachment":[{"href":"https:\/\/kadraszczyglowice.pl\/index.php?rest_route=%2Fwp%2Fv2%2Fmedia&parent=103"}],"curies":[{"name":"wp","href":"https:\/\/api.w.org\/{rel}","templated":true}]}}