{"id":296,"date":"2025-03-21T09:48:36","date_gmt":"2025-03-21T08:48:36","guid":{"rendered":"https:\/\/kadraszczyglowice.pl\/?page_id=296"},"modified":"2025-03-21T09:48:37","modified_gmt":"2025-03-21T08:48:37","slug":"energylandia","status":"publish","type":"page","link":"https:\/\/kadraszczyglowice.pl\/?page_id=296","title":{"rendered":"Energylandia"},"content":{"rendered":"\n<figure class=\"wp-block-image size-full\"><img loading=\"lazy\" decoding=\"async\" width=\"945\" height=\"536\" src=\"https:\/\/kadraszczyglowice.pl\/wp-content\/uploads\/2025\/03\/image.png\" alt=\"\" class=\"wp-image-297\" srcset=\"https:\/\/kadraszczyglowice.pl\/wp-content\/uploads\/2025\/03\/image.png 945w, https:\/\/kadraszczyglowice.pl\/wp-content\/uploads\/2025\/03\/image-300x170.png 300w, https:\/\/kadraszczyglowice.pl\/wp-content\/uploads\/2025\/03\/image-768x436.png 768w\" sizes=\"auto, (max-width: 945px) 100vw, 945px\" \/><\/figure>\n\n\n\n<p><strong>ZZ KADRA JSW S.A. KWK \u201eKnur\u00f3w-Szczyg\u0142owice\u201d Ruch Szczyg\u0142owice zaprasza dzieci naszych cz\u0142onk\u00f3w wraz z\u00a0rodzicami do odwiedzenia Rodzinnego Parku\u00a0 Rozrywki \u00a0\u201eENERGYLANDIA\u201d w Zatorze w<\/strong>\u00a0<strong>dowolnie wybranym dniu (dojazd w\u0142asny). <\/strong><\/p>\n\n\n\n<p><strong><u>Bilet wa\u017cny do 31.10 2025r.<\/u><\/strong><\/p>\n\n\n\n<p><strong>Odp\u0142atno\u015b\u0107 wynosi:<\/strong><\/p>\n\n\n\n<p><strong>&#8211;&nbsp;&nbsp;&nbsp;&nbsp;&nbsp;&nbsp;&nbsp; bilet dla dziecka od 0 lat do lat 3 \u2013 odp\u0142atno\u015b\u0107 0 z\u0142. &nbsp;&nbsp;&nbsp;&nbsp;&nbsp;<\/strong><\/p>\n\n\n\n<p><strong>&#8211; &nbsp;&nbsp;&nbsp;&nbsp;&nbsp;&nbsp; bilet dla dziecka od 3 lat do lat 12 \u2013 odp\u0142atno\u015b\u0107 70 z\u0142. &nbsp;<\/strong><\/p>\n\n\n\n<p><strong>&#8211;&nbsp;&nbsp;&nbsp;&nbsp;&nbsp;&nbsp;&nbsp; bilet pow. 12 lat oraz os\u00f3b doros\u0142ych &nbsp;&#8211; odp\u0142atno\u015b\u0107 100 z\u0142<\/strong><\/p>\n\n\n\n<p><strong>Cena biletu<\/strong> <strong>bez dofinansowania<\/strong> <strong>wynosi<\/strong>:<\/p>\n\n\n\n<p><strong>&#8211; dla osoby doros\u0142ej  169 z\u0142,<\/strong><\/p>\n\n\n\n<p><strong>&#8211; dla dziecka od 3 do 12 lat 134 z\u0142.<\/strong><\/p>\n\n\n\n<p><strong>Zapisy od dnia og\u0142oszenia do 30.05.2025r. w biurze ZZ \u201eKADRA\u201d pod tel. 3347 oraz kom. 668&nbsp;421&nbsp;965.<\/strong><\/p>\n\n\n\n<p><strong>Wp\u0142aty za bilety na konto:<\/strong><\/p>\n\n\n\n<p>Bank PEKAO:&nbsp;<strong>46 1240 4302 1111 0011 0185 1285<\/strong><strong><\/strong><\/p>\n","protected":false},"excerpt":{"rendered":"<p>ZZ KADRA JSW S.A. KWK \u201eKnur\u00f3w-Szczyg\u0142owice\u201d Ruch Szczyg\u0142owice zaprasza dzieci naszych cz\u0142onk\u00f3w wraz z\u00a0rodzicami do odwiedzenia Rodzinnego Parku\u00a0 Rozrywki \u00a0\u201eENERGYLANDIA\u201d w Zatorze w\u00a0dowolnie wybranym dniu (dojazd w\u0142asny). Bilet wa\u017cny do 31.10 2025r. Odp\u0142atno\u015b\u0107 wynosi: &#8211;&nbsp;&nbsp;&nbsp;&nbsp;&nbsp;&nbsp;&nbsp; bilet dla dziecka od 0 lat do lat 3 \u2013 odp\u0142atno\u015b\u0107 0 z\u0142. &nbsp;&nbsp;&nbsp;&nbsp;&nbsp; &#8211; [&hellip;]<\/p>\n","protected":false},"author":1,"featured_media":0,"parent":0,"menu_order":0,"comment_status":"closed","ping_status":"closed","template":"","meta":{"footnotes":""},"class_list":["post-296","page","type-page","status-publish","hentry"],"_links":{"self":[{"href":"https:\/\/kadraszczyglowice.pl\/index.php?rest_route=\/wp\/v2\/pages\/296","targetHints":{"allow":["GET"]}}],"collection":[{"href":"https:\/\/kadraszczyglowice.pl\/index.php?rest_route=\/wp\/v2\/pages"}],"about":[{"href":"https:\/\/kadraszczyglowice.pl\/index.php?rest_route=\/wp\/v2\/types\/page"}],"author":[{"embeddable":true,"href":"https:\/\/kadraszczyglowice.pl\/index.php?rest_route=\/wp\/v2\/users\/1"}],"replies":[{"embeddable":true,"href":"https:\/\/kadraszczyglowice.pl\/index.php?rest_route=%2Fwp%2Fv2%2Fcomments&post=296"}],"version-history":[{"count":1,"href":"https:\/\/kadraszczyglowice.pl\/index.php?rest_route=\/wp\/v2\/pages\/296\/revisions"}],"predecessor-version":[{"id":298,"href":"https:\/\/kadraszczyglowice.pl\/index.php?rest_route=\/wp\/v2\/pages\/296\/revisions\/298"}],"wp:attachment":[{"href":"https:\/\/kadraszczyglowice.pl\/index.php?rest_route=%2Fwp%2Fv2%2Fmedia&parent=296"}],"curies":[{"name":"wp","href":"https:\/\/api.w.org\/{rel}","templated":true}]}}