{"id":332,"date":"2025-05-23T09:52:03","date_gmt":"2025-05-23T07:52:03","guid":{"rendered":"https:\/\/kadraszczyglowice.pl\/?page_id=332"},"modified":"2025-05-23T09:53:05","modified_gmt":"2025-05-23T07:53:05","slug":"super-oferta-last-minute-wczasow-w-slowenii-dla-czlonkow-kadry-cena-1500-zl-za-osobe","status":"publish","type":"page","link":"https:\/\/kadraszczyglowice.pl\/?page_id=332","title":{"rendered":"Super oferta Last Minute wczas\u00f3w w S\u0142owenii,  dla cz\u0142onk\u00f3w KADRY cena 1500 z\u0142 za osob\u0119. (Cena przed obni\u017ck\u0105 2500 z\u0142)"},"content":{"rendered":"\n<div data-wp-interactive=\"core\/file\" class=\"wp-block-file\"><object data-wp-bind--hidden=\"!state.hasPdfPreview\" hidden class=\"wp-block-file__embed\" data=\"https:\/\/kadraszczyglowice.pl\/wp-content\/uploads\/2025\/05\/SLOWENIA-WENECJA-1-8.06.2025-1.pdf\" type=\"application\/pdf\" style=\"width:100%;height:600px\" aria-label=\"Osadzone z S\u0141OWENIA WENECJA 1-8.06.2025 (1).\"><\/object><a id=\"wp-block-file--media-5bd5c712-ed29-45d8-86ed-86dd13d2997e\" href=\"https:\/\/kadraszczyglowice.pl\/wp-content\/uploads\/2025\/05\/SLOWENIA-WENECJA-1-8.06.2025-1.pdf\">S\u0141OWENIA WENECJA 1-8.06.2025 (1)<\/a><a href=\"https:\/\/kadraszczyglowice.pl\/wp-content\/uploads\/2025\/05\/SLOWENIA-WENECJA-1-8.06.2025-1.pdf\" class=\"wp-block-file__button wp-element-button\" download aria-describedby=\"wp-block-file--media-5bd5c712-ed29-45d8-86ed-86dd13d2997e\">Pobierz<\/a><\/div>\n","protected":false},"excerpt":{"rendered":"","protected":false},"author":1,"featured_media":0,"parent":0,"menu_order":0,"comment_status":"closed","ping_status":"closed","template":"","meta":{"footnotes":""},"class_list":["post-332","page","type-page","status-publish","hentry"],"_links":{"self":[{"href":"https:\/\/kadraszczyglowice.pl\/index.php?rest_route=\/wp\/v2\/pages\/332","targetHints":{"allow":["GET"]}}],"collection":[{"href":"https:\/\/kadraszczyglowice.pl\/index.php?rest_route=\/wp\/v2\/pages"}],"about":[{"href":"https:\/\/kadraszczyglowice.pl\/index.php?rest_route=\/wp\/v2\/types\/page"}],"author":[{"embeddable":true,"href":"https:\/\/kadraszczyglowice.pl\/index.php?rest_route=\/wp\/v2\/users\/1"}],"replies":[{"embeddable":true,"href":"https:\/\/kadraszczyglowice.pl\/index.php?rest_route=%2Fwp%2Fv2%2Fcomments&post=332"}],"version-history":[{"count":2,"href":"https:\/\/kadraszczyglowice.pl\/index.php?rest_route=\/wp\/v2\/pages\/332\/revisions"}],"predecessor-version":[{"id":336,"href":"https:\/\/kadraszczyglowice.pl\/index.php?rest_route=\/wp\/v2\/pages\/332\/revisions\/336"}],"wp:attachment":[{"href":"https:\/\/kadraszczyglowice.pl\/index.php?rest_route=%2Fwp%2Fv2%2Fmedia&parent=332"}],"curies":[{"name":"wp","href":"https:\/\/api.w.org\/{rel}","templated":true}]}}