{"id":87,"date":"2024-02-09T20:16:21","date_gmt":"2024-02-09T19:16:21","guid":{"rendered":"https:\/\/kadraszczyglowice.pl\/?page_id=87"},"modified":"2024-02-09T20:16:32","modified_gmt":"2024-02-09T19:16:32","slug":"komisja-wyborcza","status":"publish","type":"page","link":"https:\/\/kadraszczyglowice.pl\/?page_id=87","title":{"rendered":"Komisja Wyborcza"},"content":{"rendered":"\n<p>Knur\u00f3w dnia 2019.01.30<\/p>\n\n\n\n<p><strong>Sk\u0142ad Komisji Wyborczej<\/strong><\/p>\n\n\n\n<p><strong>wyboru delegat\u00f3w.<\/strong><\/p>\n\n\n\n<p>Przewodnicz\u0105cy \u2013 Marek W\u0105cirz<\/p>\n\n\n\n<p>Z-ca Przewodnicz\u0105cego &#8211; Stanis\u0142aw gw\u00f3\u017ad\u017a<\/p>\n\n\n\n<p>Sekretarz &#8211; Izabela Gorzycka<\/p>\n\n\n\n<p>Cz\u0142onkowie komisji &#8211; Halina Biczel<\/p>\n\n\n\n<p>&#8211; Zbigniew Cie\u015blik<\/p>\n\n\n\n<p>&#8211; Janusz Grodo\u0144<\/p>\n\n\n\n<p>&#8211; Grzegorz Pakul<\/p>\n\n\n\n<p>&#8211; Bart\u0142omiej Prze\u0142o\u017cny<\/p>\n\n\n\n<p>&#8211; Lucyna Wodziczko<\/p>\n\n\n\n<p>&#8211; Danuta Zacher<\/p>\n\n\n\n<p>Uchwa\u0142a Zarz\u0105du ZZ Kadra JSW S.A. KWK \u201eKnur\u00f3w-Szczyg\u0142owice\u201d z dnia 30.01.2019r.<\/p>\n","protected":false},"excerpt":{"rendered":"<p>Knur\u00f3w dnia 2019.01.30 Sk\u0142ad Komisji Wyborczej wyboru delegat\u00f3w. Przewodnicz\u0105cy \u2013 Marek W\u0105cirz Z-ca Przewodnicz\u0105cego &#8211; Stanis\u0142aw gw\u00f3\u017ad\u017a Sekretarz &#8211; Izabela Gorzycka Cz\u0142onkowie komisji &#8211; Halina Biczel &#8211; Zbigniew Cie\u015blik &#8211; Janusz Grodo\u0144 &#8211; Grzegorz Pakul &#8211; Bart\u0142omiej Prze\u0142o\u017cny &#8211; Lucyna Wodziczko &#8211; Danuta Zacher Uchwa\u0142a Zarz\u0105du ZZ Kadra JSW S.A. [&hellip;]<\/p>\n","protected":false},"author":1,"featured_media":0,"parent":0,"menu_order":0,"comment_status":"closed","ping_status":"closed","template":"","meta":{"footnotes":""},"class_list":["post-87","page","type-page","status-publish","hentry"],"_links":{"self":[{"href":"https:\/\/kadraszczyglowice.pl\/index.php?rest_route=\/wp\/v2\/pages\/87","targetHints":{"allow":["GET"]}}],"collection":[{"href":"https:\/\/kadraszczyglowice.pl\/index.php?rest_route=\/wp\/v2\/pages"}],"about":[{"href":"https:\/\/kadraszczyglowice.pl\/index.php?rest_route=\/wp\/v2\/types\/page"}],"author":[{"embeddable":true,"href":"https:\/\/kadraszczyglowice.pl\/index.php?rest_route=\/wp\/v2\/users\/1"}],"replies":[{"embeddable":true,"href":"https:\/\/kadraszczyglowice.pl\/index.php?rest_route=%2Fwp%2Fv2%2Fcomments&post=87"}],"version-history":[{"count":1,"href":"https:\/\/kadraszczyglowice.pl\/index.php?rest_route=\/wp\/v2\/pages\/87\/revisions"}],"predecessor-version":[{"id":88,"href":"https:\/\/kadraszczyglowice.pl\/index.php?rest_route=\/wp\/v2\/pages\/87\/revisions\/88"}],"wp:attachment":[{"href":"https:\/\/kadraszczyglowice.pl\/index.php?rest_route=%2Fwp%2Fv2%2Fmedia&parent=87"}],"curies":[{"name":"wp","href":"https:\/\/api.w.org\/{rel}","templated":true}]}}